{"id":1726,"date":"2025-10-28T15:02:42","date_gmt":"2025-10-28T15:02:42","guid":{"rendered":"https:\/\/hull-rotterdam.com\/de\/?page_id=1726"},"modified":"2025-11-10T13:46:09","modified_gmt":"2025-11-10T12:46:09","slug":"kontakt","status":"publish","type":"page","link":"https:\/\/hull-rotterdam.com\/de\/kontakt\/","title":{"rendered":"Kontakt"},"content":{"rendered":"\n<p>Wir haben versucht, auf unserer Website so viele Informationen wie m\u00f6glich \u00fcber die F\u00e4hrverbindung von <a href=\"https:\/\/hull-rotterdam.com\/de\/hafen-rotterdam\/\">Rotterdam<\/a> nach <a href=\"https:\/\/hull-rotterdam.com\/de\/hafen-hull\/\">Hull<\/a> bereitzustellen. Schau dich gerne erst in Ruhe um, nutze die Suchfunktion (im Men\u00fc oder unten auf den Seiten) und wirf einen Blick auf die h\u00e4ufig gestellten Fragen zu den einzelnen Themen. Wenn du trotzdem noch eine Frage hast, kannst du sie uns gerne unten stellen.<\/p>\n\n\n\n<p>Mehr Informationen findest du auch auf unseren Seiten zu <a href=\"https:\/\/hull-rotterdam.com\/de\/preise-tickets\/\">Preisen & Tickets<\/a>, <a href=\"https:\/\/hull-rotterdam.com\/de\/faehren\/\">Schiffen<\/a> und <a href=\"https:\/\/hull-rotterdam.com\/de\/impressum\/\">Impressum<\/a>.<\/p>\n\n\n\n<div class=\"wpcf7 no-js\" id=\"wpcf7-f11-o1\" lang=\"nl-NL\" dir=\"ltr\" data-wpcf7-id=\"11\">\n<div class=\"screen-reader-response\"><p role=\"status\" aria-live=\"polite\" aria-atomic=\"true\"><\/p> <ul><\/ul><\/div>\n<form action=\"\/de\/wp-json\/wp\/v2\/pages\/1726#wpcf7-f11-o1\" method=\"post\" class=\"wpcf7-form init\" aria-label=\"Contactformulier\" novalidate=\"novalidate\" data-status=\"init\">\n<fieldset class=\"hidden-fields-container\"><input type=\"hidden\" name=\"_wpcf7\" value=\"11\" \/><input type=\"hidden\" name=\"_wpcf7_version\" value=\"6.1.5\" \/><input type=\"hidden\" name=\"_wpcf7_locale\" value=\"nl_NL\" \/><input type=\"hidden\" name=\"_wpcf7_unit_tag\" value=\"wpcf7-f11-o1\" \/><input type=\"hidden\" name=\"_wpcf7_container_post\" value=\"0\" \/><input type=\"hidden\" name=\"_wpcf7_posted_data_hash\" value=\"\" \/>\n<\/fieldset>\n<p><label> Name<br \/>\n<span class=\"wpcf7-form-control-wrap\" data-name=\"your-name\"><input size=\"40\" maxlength=\"400\" class=\"wpcf7-form-control wpcf7-text wpcf7-validates-as-required\" autocomplete=\"name\" aria-required=\"true\" aria-invalid=\"false\" value=\"\" type=\"text\" name=\"your-name\" \/><\/span> <\/label>\n<\/p>\n<p><label> E-Mail<br \/>\n<span class=\"wpcf7-form-control-wrap\" data-name=\"your-email\"><input size=\"40\" maxlength=\"400\" class=\"wpcf7-form-control wpcf7-email wpcf7-validates-as-required wpcf7-text wpcf7-validates-as-email\" autocomplete=\"email\" aria-required=\"true\" aria-invalid=\"false\" value=\"\" type=\"email\" name=\"your-email\" \/><\/span> <\/label>\n<\/p>\n<p><label> Nachricht<br \/>\n<span class=\"wpcf7-form-control-wrap\" data-name=\"your-message\"><textarea cols=\"40\" rows=\"10\" maxlength=\"2000\" class=\"wpcf7-form-control wpcf7-textarea wpcf7-validates-as-required\" aria-required=\"true\" aria-invalid=\"false\" name=\"your-message\"><\/textarea><\/span> <\/label>\n<\/p>\n<p><span class=\"wpcf7-form-control-wrap\" data-name=\"quiz-95\"><label><span class=\"wpcf7-quiz-label\">Welche Zahl ist gr\u00f6\u00dfer: 4 oder 6?<\/span> <input size=\"40\" class=\"wpcf7-form-control wpcf7-quiz\" autocomplete=\"off\" aria-required=\"true\" aria-invalid=\"false\" type=\"text\" name=\"quiz-95\" \/><\/label><input type=\"hidden\" name=\"_wpcf7_quiz_answer_quiz-95\" value=\"5786eea62fa94a34955dc67564d3682d\" \/><\/span>\n<\/p>\n<p><input class=\"wpcf7-form-control wpcf7-submit has-spinner\" type=\"submit\" value=\"Senden\" \/>\n<\/p><div class=\"wpcf7-response-output\" aria-hidden=\"true\"><\/div>\n<\/form>\n<\/div>\n\n\n\n\n<p>M\u00f6chtest du mehr dar\u00fcber erfahren, wie wir arbeiten? Dann schau dir bitte unseren <a href=\"https:\/\/hull-rotterdam.com\/de\/datenschutz\/\">Datenschutz<\/a> an.<\/p>\n\n\n\n<p><\/p>\n","protected":false},"excerpt":{"rendered":"<p>Wir haben versucht, auf unserer Website so viele Informationen wie m\u00f6glich \u00fcber die F\u00e4hrverbindung von Rotterdam nach Hull bereitzustellen. Schau [&hellip;]<\/p>\n","protected":false},"author":1,"featured_media":0,"parent":0,"menu_order":0,"comment_status":"closed","ping_status":"closed","template":"","meta":{"inline_featured_image":false,"site-sidebar-layout":"default","site-content-layout":"","ast-site-content-layout":"default","site-content-style":"default","site-sidebar-style":"default","ast-global-header-display":"","ast-banner-title-visibility":"","ast-main-header-display":"","ast-hfb-above-header-display":"","ast-hfb-below-header-display":"","ast-hfb-mobile-header-display":"","site-post-title":"","ast-breadcrumbs-content":"","ast-featured-img":"","footer-sml-layout":"","ast-disable-related-posts":"","theme-transparent-header-meta":"","adv-header-id-meta":"","stick-header-meta":"","header-above-stick-meta":"","header-main-stick-meta":"","header-below-stick-meta":"","astra-migrate-meta-layouts":"default","ast-page-background-enabled":"default","ast-page-background-meta":{"desktop":{"background-color":"var(--ast-global-color-5)","background-image":"","background-repeat":"repeat","background-position":"center center","background-size":"auto","background-attachment":"scroll","background-type":"","background-media":"","overlay-type":"","overlay-color":"","overlay-opacity":"","overlay-gradient":""},"tablet":{"background-color":"","background-image":"","background-repeat":"repeat","background-position":"center center","background-size":"auto","background-attachment":"scroll","background-type":"","background-media":"","overlay-type":"","overlay-color":"","overlay-opacity":"","overlay-gradient":""},"mobile":{"background-color":"","background-image":"","background-repeat":"repeat","background-position":"center center","background-size":"auto","background-attachment":"scroll","background-type":"","background-media":"","overlay-type":"","overlay-color":"","overlay-opacity":"","overlay-gradient":""}},"ast-content-background-meta":{"desktop":{"background-color":"var(--ast-global-color-4)","background-image":"","background-repeat":"repeat","background-position":"center center","background-size":"auto","background-attachment":"scroll","background-type":"","background-media":"","overlay-type":"","overlay-color":"","overlay-opacity":"","overlay-gradient":""},"tablet":{"background-color":"var(--ast-global-color-4)","background-image":"","background-repeat":"repeat","background-position":"center center","background-size":"auto","background-attachment":"scroll","background-type":"","background-media":"","overlay-type":"","overlay-color":"","overlay-opacity":"","overlay-gradient":""},"mobile":{"background-color":"var(--ast-global-color-4)","background-image":"","background-repeat":"repeat","background-position":"center center","background-size":"auto","background-attachment":"scroll","background-type":"","background-media":"","overlay-type":"","overlay-color":"","overlay-opacity":"","overlay-gradient":""}},"footnotes":""},"class_list":["post-1726","page","type-page","status-publish","hentry"],"yoast_head":"<!-- This site is optimized with the Yoast SEO plugin v27.4 - https:\/\/yoast.com\/product\/yoast-seo-wordpress\/ -->\n<title>Kontakt F\u00e4hre Rotterdam Hull<\/title>\n<meta name=\"description\" content=\"Kontaktformular und Informationen zur F\u00e4hre Rotterdam Hull. Fragen zu Buchung, Zeiten oder Hafen.\" \/>\n<meta name=\"robots\" content=\"index, follow, max-snippet:-1, max-image-preview:large, max-video-preview:-1\" \/>\n<link rel=\"canonical\" href=\"https:\/\/hull-rotterdam.com\/de\/kontakt\/\" \/>\n<meta property=\"og:locale\" content=\"de_DE\" \/>\n<meta property=\"og:type\" content=\"article\" \/>\n<meta property=\"og:title\" content=\"Kontakt F\u00e4hre Rotterdam Hull\" \/>\n<meta property=\"og:description\" content=\"Kontaktformular und Informationen zur F\u00e4hre Rotterdam Hull. Fragen zu Buchung, Zeiten oder Hafen.\" \/>\n<meta property=\"og:url\" content=\"https:\/\/hull-rotterdam.com\/de\/kontakt\/\" \/>\n<meta property=\"og:site_name\" content=\"Rotterdam Hull DE\" \/>\n<meta property=\"article:modified_time\" content=\"2025-11-10T12:46:09+00:00\" \/>\n<meta property=\"og:image\" content=\"https:\/\/hull-rotterdam.com\/de\/wp-content\/uploads\/sites\/3\/2025\/11\/Rotterdam-Hull-Social.png\" \/>\n\t<meta property=\"og:image:width\" content=\"1200\" \/>\n\t<meta property=\"og:image:height\" content=\"675\" \/>\n\t<meta property=\"og:image:type\" content=\"image\/png\" \/>\n<meta name=\"twitter:card\" content=\"summary_large_image\" \/>\n<meta name=\"twitter:label1\" content=\"Gesch\u00e4tzte Lesezeit\" \/>\n\t<meta name=\"twitter:data1\" content=\"1\u00a0Minute\" \/>\n<script type=\"application\/ld+json\" class=\"yoast-schema-graph\">{\"@context\":\"https:\\\/\\\/schema.org\",\"@graph\":[{\"@type\":\"WebPage\",\"@id\":\"https:\\\/\\\/hull-rotterdam.com\\\/de\\\/kontakt\\\/\",\"url\":\"https:\\\/\\\/hull-rotterdam.com\\\/de\\\/kontakt\\\/\",\"name\":\"Kontakt F\u00e4hre Rotterdam Hull\",\"isPartOf\":{\"@id\":\"https:\\\/\\\/hull-rotterdam.com\\\/de\\\/#website\"},\"datePublished\":\"2025-10-28T15:02:42+00:00\",\"dateModified\":\"2025-11-10T12:46:09+00:00\",\"description\":\"Kontaktformular und Informationen zur F\u00e4hre Rotterdam Hull. Fragen zu Buchung, Zeiten oder Hafen.\",\"breadcrumb\":{\"@id\":\"https:\\\/\\\/hull-rotterdam.com\\\/de\\\/kontakt\\\/#breadcrumb\"},\"inLanguage\":\"de\",\"potentialAction\":[{\"@type\":\"ReadAction\",\"target\":[\"https:\\\/\\\/hull-rotterdam.com\\\/de\\\/kontakt\\\/\"]}]},{\"@type\":\"BreadcrumbList\",\"@id\":\"https:\\\/\\\/hull-rotterdam.com\\\/de\\\/kontakt\\\/#breadcrumb\",\"itemListElement\":[{\"@type\":\"ListItem\",\"position\":1,\"name\":\"Rotterdam - Hull\",\"item\":\"https:\\\/\\\/hull-rotterdam.com\\\/de\\\/\"},{\"@type\":\"ListItem\",\"position\":2,\"name\":\"Kontakt\"}]},{\"@type\":\"WebSite\",\"@id\":\"https:\\\/\\\/hull-rotterdam.com\\\/de\\\/#website\",\"url\":\"https:\\\/\\\/hull-rotterdam.com\\\/de\\\/\",\"name\":\"Rotterdam Hull DE\",\"description\":\"\",\"publisher\":{\"@id\":\"https:\\\/\\\/hull-rotterdam.com\\\/de\\\/#organization\"},\"potentialAction\":[{\"@type\":\"SearchAction\",\"target\":{\"@type\":\"EntryPoint\",\"urlTemplate\":\"https:\\\/\\\/hull-rotterdam.com\\\/de\\\/?s={search_term_string}\"},\"query-input\":{\"@type\":\"PropertyValueSpecification\",\"valueRequired\":true,\"valueName\":\"search_term_string\"}}],\"inLanguage\":\"de\"},{\"@type\":\"Organization\",\"@id\":\"https:\\\/\\\/hull-rotterdam.com\\\/de\\\/#organization\",\"name\":\"Rotterdam Hull DE\",\"url\":\"https:\\\/\\\/hull-rotterdam.com\\\/de\\\/\",\"logo\":{\"@type\":\"ImageObject\",\"inLanguage\":\"de\",\"@id\":\"https:\\\/\\\/hull-rotterdam.com\\\/de\\\/#\\\/schema\\\/logo\\\/image\\\/\",\"url\":\"https:\\\/\\\/hull-rotterdam.com\\\/de\\\/wp-content\\\/uploads\\\/sites\\\/3\\\/2025\\\/10\\\/rotterdam-hull.svg\",\"contentUrl\":\"https:\\\/\\\/hull-rotterdam.com\\\/de\\\/wp-content\\\/uploads\\\/sites\\\/3\\\/2025\\\/10\\\/rotterdam-hull.svg\",\"width\":1000,\"height\":160,\"caption\":\"Rotterdam Hull DE\"},\"image\":{\"@id\":\"https:\\\/\\\/hull-rotterdam.com\\\/de\\\/#\\\/schema\\\/logo\\\/image\\\/\"}}]}<\/script>\n<!-- \/ Yoast SEO plugin. -->","yoast_head_json":{"title":"Kontakt F\u00e4hre Rotterdam Hull","description":"Kontaktformular und Informationen zur F\u00e4hre Rotterdam Hull. Fragen zu Buchung, Zeiten oder Hafen.","robots":{"index":"index","follow":"follow","max-snippet":"max-snippet:-1","max-image-preview":"max-image-preview:large","max-video-preview":"max-video-preview:-1"},"canonical":"https:\/\/hull-rotterdam.com\/de\/kontakt\/","og_locale":"de_DE","og_type":"article","og_title":"Kontakt F\u00e4hre Rotterdam Hull","og_description":"Kontaktformular und Informationen zur F\u00e4hre Rotterdam Hull. Fragen zu Buchung, Zeiten oder Hafen.","og_url":"https:\/\/hull-rotterdam.com\/de\/kontakt\/","og_site_name":"Rotterdam Hull DE","article_modified_time":"2025-11-10T12:46:09+00:00","og_image":[{"width":1200,"height":675,"url":"https:\/\/hull-rotterdam.com\/de\/wp-content\/uploads\/sites\/3\/2025\/11\/Rotterdam-Hull-Social.png","type":"image\/png"}],"twitter_card":"summary_large_image","twitter_misc":{"Gesch\u00e4tzte Lesezeit":"1\u00a0Minute"},"schema":{"@context":"https:\/\/schema.org","@graph":[{"@type":"WebPage","@id":"https:\/\/hull-rotterdam.com\/de\/kontakt\/","url":"https:\/\/hull-rotterdam.com\/de\/kontakt\/","name":"Kontakt F\u00e4hre Rotterdam Hull","isPartOf":{"@id":"https:\/\/hull-rotterdam.com\/de\/#website"},"datePublished":"2025-10-28T15:02:42+00:00","dateModified":"2025-11-10T12:46:09+00:00","description":"Kontaktformular und Informationen zur F\u00e4hre Rotterdam Hull. Fragen zu Buchung, Zeiten oder Hafen.","breadcrumb":{"@id":"https:\/\/hull-rotterdam.com\/de\/kontakt\/#breadcrumb"},"inLanguage":"de","potentialAction":[{"@type":"ReadAction","target":["https:\/\/hull-rotterdam.com\/de\/kontakt\/"]}]},{"@type":"BreadcrumbList","@id":"https:\/\/hull-rotterdam.com\/de\/kontakt\/#breadcrumb","itemListElement":[{"@type":"ListItem","position":1,"name":"Rotterdam - Hull","item":"https:\/\/hull-rotterdam.com\/de\/"},{"@type":"ListItem","position":2,"name":"Kontakt"}]},{"@type":"WebSite","@id":"https:\/\/hull-rotterdam.com\/de\/#website","url":"https:\/\/hull-rotterdam.com\/de\/","name":"Rotterdam Hull DE","description":"","publisher":{"@id":"https:\/\/hull-rotterdam.com\/de\/#organization"},"potentialAction":[{"@type":"SearchAction","target":{"@type":"EntryPoint","urlTemplate":"https:\/\/hull-rotterdam.com\/de\/?s={search_term_string}"},"query-input":{"@type":"PropertyValueSpecification","valueRequired":true,"valueName":"search_term_string"}}],"inLanguage":"de"},{"@type":"Organization","@id":"https:\/\/hull-rotterdam.com\/de\/#organization","name":"Rotterdam Hull DE","url":"https:\/\/hull-rotterdam.com\/de\/","logo":{"@type":"ImageObject","inLanguage":"de","@id":"https:\/\/hull-rotterdam.com\/de\/#\/schema\/logo\/image\/","url":"https:\/\/hull-rotterdam.com\/de\/wp-content\/uploads\/sites\/3\/2025\/10\/rotterdam-hull.svg","contentUrl":"https:\/\/hull-rotterdam.com\/de\/wp-content\/uploads\/sites\/3\/2025\/10\/rotterdam-hull.svg","width":1000,"height":160,"caption":"Rotterdam Hull DE"},"image":{"@id":"https:\/\/hull-rotterdam.com\/de\/#\/schema\/logo\/image\/"}}]}},"_links":{"self":[{"href":"https:\/\/hull-rotterdam.com\/de\/wp-json\/wp\/v2\/pages\/1726","targetHints":{"allow":["GET"]}}],"collection":[{"href":"https:\/\/hull-rotterdam.com\/de\/wp-json\/wp\/v2\/pages"}],"about":[{"href":"https:\/\/hull-rotterdam.com\/de\/wp-json\/wp\/v2\/types\/page"}],"author":[{"embeddable":true,"href":"https:\/\/hull-rotterdam.com\/de\/wp-json\/wp\/v2\/users\/1"}],"replies":[{"embeddable":true,"href":"https:\/\/hull-rotterdam.com\/de\/wp-json\/wp\/v2\/comments?post=1726"}],"version-history":[{"count":10,"href":"https:\/\/hull-rotterdam.com\/de\/wp-json\/wp\/v2\/pages\/1726\/revisions"}],"predecessor-version":[{"id":4116,"href":"https:\/\/hull-rotterdam.com\/de\/wp-json\/wp\/v2\/pages\/1726\/revisions\/4116"}],"wp:attachment":[{"href":"https:\/\/hull-rotterdam.com\/de\/wp-json\/wp\/v2\/media?parent=1726"}],"curies":[{"name":"wp","href":"https:\/\/api.w.org\/{rel}","templated":true}]}}