{"id":1745,"date":"2025-10-28T15:12:30","date_gmt":"2025-10-28T15:12:30","guid":{"rendered":"https:\/\/hull-rotterdam.com\/de\/?page_id=1745"},"modified":"2025-11-14T15:25:20","modified_gmt":"2025-11-14T14:25:20","slug":"datenschutz","status":"publish","type":"page","link":"https:\/\/hull-rotterdam.com\/de\/datenschutz\/","title":{"rendered":"Datenschutz"},"content":{"rendered":"\t\t<div data-elementor-type=\"wp-page\" data-elementor-id=\"1745\" class=\"elementor elementor-1745\" data-elementor-post-type=\"page\">\n\t\t\t\t<div class=\"elementor-element elementor-element-29834772 e-flex e-con-boxed e-con e-parent\" data-id=\"29834772\" data-element_type=\"container\" data-e-type=\"container\">\n\t\t\t\t\t<div class=\"e-con-inner\">\n\t\t\t\t<div class=\"elementor-element elementor-element-2486a0c2 elementor-widget elementor-widget-text-editor\" data-id=\"2486a0c2\" data-element_type=\"widget\" data-e-type=\"widget\" data-widget_type=\"text-editor.default\">\n\t\t\t\t<div class=\"elementor-widget-container\">\n\t\t\t\t\t\t\t\t\t<h2 class=\"wp-block-heading\">Wer wir sind<\/h2>\n<p><!-- \/wp:heading --><!-- wp:paragraph --><\/p>\n<p>Unsere Website-Adresse lautet: <a href=\"\/de\/\">Hull Rotterdam<\/a><\/p>\n<p><!-- \/wp:paragraph --><!-- wp:heading --><\/p>\n<h2 class=\"wp-block-heading\">Kommentare<\/h2>\n<p><!-- \/wp:heading --><!-- wp:paragraph --><\/p>\n<p>Wenn Besucher Kommentare auf der Website hinterlassen, sammeln wir die Daten, die im Kommentarformular angezeigt werden, sowie die IP-Adresse des Besuchers und den Browser-User-Agent, um die Erkennung von Spam zu unterst\u00fctzen.<\/p>\n<p><!-- \/wp:paragraph --><!-- wp:paragraph --><\/p>\n<p>Eine anonymisierte Zeichenkette, die aus Ihrer E-Mail-Adresse erstellt wird (auch Hash genannt), kann an den Gravatar-Dienst \u00fcbermittelt werden, um zu pr\u00fcfen, ob Sie diesen verwenden. Die Datenschutzerkl\u00e4rung des Gravatar-Dienstes finden Sie hier: <a href=\"https:\/\/automattic.com\/privacy\/\">https:\/\/automattic.com\/privacy\/<\/a>. Nach der Freigabe Ihres Kommentars ist Ihr Profilbild im Kontext Ihres Kommentars \u00f6ffentlich sichtbar.<\/p>\n<p><!-- \/wp:paragraph --><!-- wp:heading --><\/p>\n<h2 class=\"wp-block-heading\">Medien<\/h2>\n<p><!-- \/wp:heading --><!-- wp:paragraph --><\/p>\n<p>Wenn Sie Bilder auf die Website hochladen, sollten Sie vermeiden, Bilder mit eingebetteten Standortdaten (EXIF GPS) hochzuladen. Besucher der Website k\u00f6nnen diese Standortdaten aus den Bildern extrahieren und herunterladen.<\/p>\n<p><!-- \/wp:paragraph --><!-- wp:heading --><\/p>\n<h2 class=\"wp-block-heading\">Cookies<\/h2>\n<p><!-- \/wp:heading --><!-- wp:paragraph --><\/p>\n<p>Wenn Sie einen Kommentar auf unserer Website hinterlassen, k\u00f6nnen Sie einwilligen, Ihren Namen, Ihre E-Mail-Adresse und Ihre Website in Cookies zu speichern. Dies dient Ihrem Komfort, damit Sie diese Daten nicht erneut eingeben m\u00fcssen, wenn Sie einen weiteren Kommentar schreiben. Diese Cookies bleiben ein Jahr lang gespeichert.<\/p>\n<p><!-- \/wp:paragraph --><!-- wp:paragraph --><\/p>\n<p>Dar\u00fcber hinaus verwendet unsere Website Cookies, um grundlegende Funktionen zu erm\u00f6glichen und anonyme Nutzungsstatistiken zu erstellen (Art. 6 Abs. 1 lit. f DSGVO). Sie k\u00f6nnen die Speicherung von Cookies in den Einstellungen Ihres Browsers deaktivieren.<\/p>\n<p><!-- \/wp:paragraph --><!-- wp:heading --><\/p>\n<h2 class=\"wp-block-heading\">Eingebettete Inhalte von anderen Websites<\/h2>\n<p><!-- \/wp:heading --><!-- wp:paragraph --><\/p>\n<p>Beitr\u00e4ge auf dieser Website k\u00f6nnen eingebettete Inhalte enthalten (z. B. Videos, Bilder, Artikel usw.). Eingebettete Inhalte von anderen Websites verhalten sich exakt so, als ob der Besucher die andere Website direkt besucht h\u00e4tte.<\/p>\n<p><!-- \/wp:paragraph --><!-- wp:paragraph --><\/p>\n<p>Diese Websites k\u00f6nnen Daten \u00fcber Sie sammeln, Cookies verwenden, zus\u00e4tzliche Tracking-Dienste Dritter einbetten und Ihre Interaktion mit den eingebetteten Inhalten \u00fcberwachen, einschlie\u00dflich der Nachverfolgung Ihrer Interaktion, wenn Sie ein Konto haben und auf dieser Website eingeloggt sind.<\/p>\n<p><!-- \/wp:paragraph --><!-- wp:heading --><\/p>\n<h2 class=\"wp-block-heading\">Mit wem wir Ihre Daten teilen<\/h2>\n<p><!-- \/wp:heading --><!-- wp:paragraph --><\/p>\n<p>Wir geben keine personenbezogenen Daten an Dritte weiter, es sei denn, dies ist gesetzlich vorgeschrieben oder zur Vertragserf\u00fcllung erforderlich (Art. 6 Abs. 1 lit. b DSGVO).<\/p>\n<p><!-- \/wp:paragraph --><!-- wp:heading --><\/p>\n<h2 class=\"wp-block-heading\">Wie lange wir Ihre Daten speichern<\/h2>\n<p><!-- \/wp:heading --><!-- wp:paragraph --><\/p>\n<p>Wenn Sie einen Kommentar hinterlassen, wird dieser einschlie\u00dflich der Metadaten zeitlich unbegrenzt gespeichert. Auf diese Weise k\u00f6nnen wir Folgekommentare automatisch erkennen und freigeben, anstatt sie in eine Moderationswarteschlange zu stellen.<\/p>\n<p><!-- \/wp:paragraph --><!-- wp:paragraph --><\/p>\n<p>F\u00fcr Benutzer, die sich auf unserer Website registrieren (falls zutreffend), speichern wir auch die pers\u00f6nlichen Informationen, die sie in ihrem Benutzerprofil angeben. Alle Benutzer k\u00f6nnen ihre pers\u00f6nlichen Informationen jederzeit einsehen, \u00e4ndern oder l\u00f6schen (mit Ausnahme ihres Benutzernamens). Administratoren der Website k\u00f6nnen diese Informationen ebenfalls einsehen und bearbeiten.<\/p>\n<p><!-- \/wp:paragraph --><!-- wp:heading --><\/p>\n<h2 class=\"wp-block-heading\">Welche Rechte Sie an Ihren Daten haben<\/h2>\n<p><!-- \/wp:heading --><!-- wp:paragraph --><\/p>\n<p>Wenn Sie ein Konto auf dieser Website besitzen oder Kommentare hinterlassen haben, k\u00f6nnen Sie einen Export Ihrer personenbezogenen Daten anfordern, einschlie\u00dflich aller Daten, die Sie uns mitgeteilt haben. Sie k\u00f6nnen au\u00dferdem verlangen, dass wir alle personenbezogenen Daten l\u00f6schen, die wir \u00fcber Sie gespeichert haben. Dies gilt nicht f\u00fcr Daten, die wir aus administrativen, rechtlichen oder sicherheitsrelevanten Gr\u00fcnden aufbewahren m\u00fcssen (Art. 17 DSGVO).<\/p>\n<p><!-- \/wp:paragraph --><!-- wp:heading --><\/p>\n<h2 class=\"wp-block-heading\">Server-Log-Dateien<\/h2>\n<p><!-- \/wp:heading --><!-- wp:paragraph --><\/p>\n<p>Der Provider dieser Website erhebt und speichert automatisch Informationen in sogenannten Server-Log-Dateien, die Ihr Browser automatisch an uns \u00fcbermittelt. Dies sind: Browsertyp und Browserversion, verwendetes Betriebssystem, Referrer-URL, Hostname des zugreifenden Rechners, Uhrzeit der Serveranfrage, IP-Adresse. Eine Zusammenf\u00fchrung dieser Daten mit anderen Datenquellen wird nicht vorgenommen.<\/p>\n<p><!-- \/wp:paragraph --><!-- wp:heading --><\/p>\n<h2 class=\"wp-block-heading\">Wohin Ihre Daten gesendet werden<\/h2>\n<p><!-- \/wp:heading --><!-- wp:paragraph --><\/p>\n<p>Kommentare von Besuchern k\u00f6nnen durch einen automatisierten Spam-Erkennungsdienst \u00fcberpr\u00fcft werden.<\/p>\n<p><!-- \/wp:paragraph --><!-- wp:heading --><\/p>\n<h2 class=\"wp-block-heading\">Kontakt<\/h2>\n<p><!-- \/wp:heading --><!-- wp:list --><\/p>\n<ul class=\"wp-block-list\">\n<li style=\"list-style-type: none;\">\n<ul class=\"wp-block-list\"><!-- wp:list-item --><\/ul>\n<\/li>\n<\/ul>\n<p>\u00a0<\/p>\n<ul class=\"wp-block-list\">\n<li style=\"list-style-type: none;\">\n<ul class=\"wp-block-list\">\n<li>Wenn Sie Fragen zur Verarbeitung personenbezogener Daten haben, kontaktieren Sie uns bitte \u00fcber unsere <a href=\"https:\/\/hull-rotterdam.com\/de\/kontakt\/\">Kontaktseite<\/a>.<\/li>\n<\/ul>\n<\/li>\n<\/ul>\n<p><!-- \/wp:list-item --><!-- wp:list-item --><\/p>\n<ul class=\"wp-block-list\">\n<li style=\"list-style-type: none;\">\n<ul class=\"wp-block-list\">\n<li>Weitere Informationen zu unseren rechtlichen Pflichten und Haftungsausschl\u00fcssen finden Sie in unserem <a href=\"https:\/\/hull-rotterdam.com\/de\/datenschutz\/\">Haftungsausschluss<\/a>.<\/li>\n<\/ul>\n<\/li>\n<\/ul>\n<p><!-- \/wp:list-item --><!-- wp:list-item --><\/p>\n<ul class=\"wp-block-list\">\n<li style=\"list-style-type: none;\">\n<ul class=\"wp-block-list\">\n<li>Verantwortlicher gem\u00e4\u00df Art. 4 Nr. 7 DSGVO: <a href=\"https:\/\/hull-rotterdam.com\/de\/impressum\/\">Impressum<\/a><\/li>\n<\/ul>\n<\/li>\n<\/ul>\n<p><!-- \/wp:list-item --><!-- wp:list-item --><\/p>\n<ul class=\"wp-block-list\">\n<li style=\"list-style-type: none;\">\n<ul class=\"wp-block-list\">\n<li>Aufsichtsbeh\u00f6rde: Die f\u00fcr uns zust\u00e4ndige Datenschutzaufsichtsbeh\u00f6rde finden Sie unter <a href=\"https:\/\/www.bfdi.bund.de\/\">www.bfdi.bund.de<\/a>.<\/li>\n<\/ul>\n<\/li>\n<\/ul>\n<p><!-- \/wp:list-item --><\/p>\n<p><!-- \/wp:list --><\/p>\t\t\t\t\t\t\t\t<\/div>\n\t\t\t\t<\/div>\n\t\t\t\t\t<\/div>\n\t\t\t\t<\/div>\n\t\t\t\t<\/div>\n\t\t","protected":false},"excerpt":{"rendered":"<p>Wer wir sind Unsere Website-Adresse lautet: Hull Rotterdam Kommentare Wenn Besucher Kommentare auf der Website hinterlassen, sammeln wir die Daten, [&hellip;]<\/p>\n","protected":false},"author":1,"featured_media":0,"parent":0,"menu_order":0,"comment_status":"closed","ping_status":"closed","template":"","meta":{"inline_featured_image":false,"site-sidebar-layout":"default","site-content-layout":"","ast-site-content-layout":"default","site-content-style":"default","site-sidebar-style":"default","ast-global-header-display":"","ast-banner-title-visibility":"","ast-main-header-display":"","ast-hfb-above-header-display":"","ast-hfb-below-header-display":"","ast-hfb-mobile-header-display":"","site-post-title":"","ast-breadcrumbs-content":"","ast-featured-img":"","footer-sml-layout":"","theme-transparent-header-meta":"","adv-header-id-meta":"","stick-header-meta":"","header-above-stick-meta":"","header-main-stick-meta":"","header-below-stick-meta":"","astra-migrate-meta-layouts":"default","ast-page-background-enabled":"default","ast-page-background-meta":{"desktop":{"background-color":"var(--ast-global-color-5)","background-image":"","background-repeat":"repeat","background-position":"center center","background-size":"auto","background-attachment":"scroll","background-type":"","background-media":"","overlay-type":"","overlay-color":"","overlay-opacity":"","overlay-gradient":""},"tablet":{"background-color":"","background-image":"","background-repeat":"repeat","background-position":"center center","background-size":"auto","background-attachment":"scroll","background-type":"","background-media":"","overlay-type":"","overlay-color":"","overlay-opacity":"","overlay-gradient":""},"mobile":{"background-color":"","background-image":"","background-repeat":"repeat","background-position":"center center","background-size":"auto","background-attachment":"scroll","background-type":"","background-media":"","overlay-type":"","overlay-color":"","overlay-opacity":"","overlay-gradient":""}},"ast-content-background-meta":{"desktop":{"background-color":"var(--ast-global-color-4)","background-image":"","background-repeat":"repeat","background-position":"center center","background-size":"auto","background-attachment":"scroll","background-type":"","background-media":"","overlay-type":"","overlay-color":"","overlay-opacity":"","overlay-gradient":""},"tablet":{"background-color":"var(--ast-global-color-4)","background-image":"","background-repeat":"repeat","background-position":"center center","background-size":"auto","background-attachment":"scroll","background-type":"","background-media":"","overlay-type":"","overlay-color":"","overlay-opacity":"","overlay-gradient":""},"mobile":{"background-color":"var(--ast-global-color-4)","background-image":"","background-repeat":"repeat","background-position":"center center","background-size":"auto","background-attachment":"scroll","background-type":"","background-media":"","overlay-type":"","overlay-color":"","overlay-opacity":"","overlay-gradient":""}},"footnotes":""},"class_list":["post-1745","page","type-page","status-publish","hentry"],"yoast_head":"<!-- This site is optimized with the Yoast SEO plugin v27.4 - https:\/\/yoast.com\/product\/yoast-seo-wordpress\/ -->\n<title>Datenschutz F\u00e4hre Rotterdam Hull<\/title>\n<meta name=\"description\" content=\"Datenschutzerkl\u00e4rung zur Website F\u00e4hre Rotterdam Hull nach den aktuellen DSGVO-Richtlinien.\" \/>\n<meta name=\"robots\" content=\"index, follow, max-snippet:-1, max-image-preview:large, max-video-preview:-1\" \/>\n<link rel=\"canonical\" href=\"https:\/\/hull-rotterdam.com\/de\/datenschutz\/\" \/>\n<meta property=\"og:locale\" content=\"de_DE\" \/>\n<meta property=\"og:type\" content=\"article\" \/>\n<meta property=\"og:title\" content=\"Datenschutz F\u00e4hre Rotterdam Hull\" \/>\n<meta property=\"og:description\" content=\"Datenschutzerkl\u00e4rung zur Website F\u00e4hre Rotterdam Hull nach den aktuellen DSGVO-Richtlinien.\" \/>\n<meta property=\"og:url\" content=\"https:\/\/hull-rotterdam.com\/de\/datenschutz\/\" \/>\n<meta property=\"og:site_name\" content=\"Rotterdam Hull DE\" \/>\n<meta property=\"article:modified_time\" content=\"2025-11-14T14:25:20+00:00\" \/>\n<meta property=\"og:image\" content=\"https:\/\/hull-rotterdam.com\/de\/wp-content\/uploads\/sites\/3\/2025\/11\/Rotterdam-Hull-Social.png\" \/>\n\t<meta property=\"og:image:width\" content=\"1200\" \/>\n\t<meta property=\"og:image:height\" content=\"675\" \/>\n\t<meta property=\"og:image:type\" content=\"image\/png\" \/>\n<meta name=\"twitter:card\" content=\"summary_large_image\" \/>\n<meta name=\"twitter:label1\" content=\"Gesch\u00e4tzte Lesezeit\" \/>\n\t<meta name=\"twitter:data1\" content=\"4\u00a0Minuten\" \/>\n<script type=\"application\/ld+json\" class=\"yoast-schema-graph\">{\"@context\":\"https:\\\/\\\/schema.org\",\"@graph\":[{\"@type\":\"WebPage\",\"@id\":\"https:\\\/\\\/hull-rotterdam.com\\\/de\\\/datenschutz\\\/\",\"url\":\"https:\\\/\\\/hull-rotterdam.com\\\/de\\\/datenschutz\\\/\",\"name\":\"Datenschutz F\u00e4hre Rotterdam Hull\",\"isPartOf\":{\"@id\":\"https:\\\/\\\/hull-rotterdam.com\\\/de\\\/#website\"},\"datePublished\":\"2025-10-28T15:12:30+00:00\",\"dateModified\":\"2025-11-14T14:25:20+00:00\",\"description\":\"Datenschutzerkl\u00e4rung zur Website F\u00e4hre Rotterdam Hull nach den aktuellen DSGVO-Richtlinien.\",\"breadcrumb\":{\"@id\":\"https:\\\/\\\/hull-rotterdam.com\\\/de\\\/datenschutz\\\/#breadcrumb\"},\"inLanguage\":\"de\",\"potentialAction\":[{\"@type\":\"ReadAction\",\"target\":[\"https:\\\/\\\/hull-rotterdam.com\\\/de\\\/datenschutz\\\/\"]}]},{\"@type\":\"BreadcrumbList\",\"@id\":\"https:\\\/\\\/hull-rotterdam.com\\\/de\\\/datenschutz\\\/#breadcrumb\",\"itemListElement\":[{\"@type\":\"ListItem\",\"position\":1,\"name\":\"Rotterdam - Hull\",\"item\":\"https:\\\/\\\/hull-rotterdam.com\\\/de\\\/\"},{\"@type\":\"ListItem\",\"position\":2,\"name\":\"Datenschutz\"}]},{\"@type\":\"WebSite\",\"@id\":\"https:\\\/\\\/hull-rotterdam.com\\\/de\\\/#website\",\"url\":\"https:\\\/\\\/hull-rotterdam.com\\\/de\\\/\",\"name\":\"Rotterdam Hull DE\",\"description\":\"\",\"publisher\":{\"@id\":\"https:\\\/\\\/hull-rotterdam.com\\\/de\\\/#organization\"},\"potentialAction\":[{\"@type\":\"SearchAction\",\"target\":{\"@type\":\"EntryPoint\",\"urlTemplate\":\"https:\\\/\\\/hull-rotterdam.com\\\/de\\\/?s={search_term_string}\"},\"query-input\":{\"@type\":\"PropertyValueSpecification\",\"valueRequired\":true,\"valueName\":\"search_term_string\"}}],\"inLanguage\":\"de\"},{\"@type\":\"Organization\",\"@id\":\"https:\\\/\\\/hull-rotterdam.com\\\/de\\\/#organization\",\"name\":\"Rotterdam Hull DE\",\"url\":\"https:\\\/\\\/hull-rotterdam.com\\\/de\\\/\",\"logo\":{\"@type\":\"ImageObject\",\"inLanguage\":\"de\",\"@id\":\"https:\\\/\\\/hull-rotterdam.com\\\/de\\\/#\\\/schema\\\/logo\\\/image\\\/\",\"url\":\"https:\\\/\\\/hull-rotterdam.com\\\/de\\\/wp-content\\\/uploads\\\/sites\\\/3\\\/2025\\\/10\\\/rotterdam-hull.svg\",\"contentUrl\":\"https:\\\/\\\/hull-rotterdam.com\\\/de\\\/wp-content\\\/uploads\\\/sites\\\/3\\\/2025\\\/10\\\/rotterdam-hull.svg\",\"width\":1000,\"height\":160,\"caption\":\"Rotterdam Hull DE\"},\"image\":{\"@id\":\"https:\\\/\\\/hull-rotterdam.com\\\/de\\\/#\\\/schema\\\/logo\\\/image\\\/\"}}]}<\/script>\n<!-- \/ Yoast SEO plugin. -->","yoast_head_json":{"title":"Datenschutz F\u00e4hre Rotterdam Hull","description":"Datenschutzerkl\u00e4rung zur Website F\u00e4hre Rotterdam Hull nach den aktuellen DSGVO-Richtlinien.","robots":{"index":"index","follow":"follow","max-snippet":"max-snippet:-1","max-image-preview":"max-image-preview:large","max-video-preview":"max-video-preview:-1"},"canonical":"https:\/\/hull-rotterdam.com\/de\/datenschutz\/","og_locale":"de_DE","og_type":"article","og_title":"Datenschutz F\u00e4hre Rotterdam Hull","og_description":"Datenschutzerkl\u00e4rung zur Website F\u00e4hre Rotterdam Hull nach den aktuellen DSGVO-Richtlinien.","og_url":"https:\/\/hull-rotterdam.com\/de\/datenschutz\/","og_site_name":"Rotterdam Hull DE","article_modified_time":"2025-11-14T14:25:20+00:00","og_image":[{"width":1200,"height":675,"url":"https:\/\/hull-rotterdam.com\/de\/wp-content\/uploads\/sites\/3\/2025\/11\/Rotterdam-Hull-Social.png","type":"image\/png"}],"twitter_card":"summary_large_image","twitter_misc":{"Gesch\u00e4tzte Lesezeit":"4\u00a0Minuten"},"schema":{"@context":"https:\/\/schema.org","@graph":[{"@type":"WebPage","@id":"https:\/\/hull-rotterdam.com\/de\/datenschutz\/","url":"https:\/\/hull-rotterdam.com\/de\/datenschutz\/","name":"Datenschutz F\u00e4hre Rotterdam Hull","isPartOf":{"@id":"https:\/\/hull-rotterdam.com\/de\/#website"},"datePublished":"2025-10-28T15:12:30+00:00","dateModified":"2025-11-14T14:25:20+00:00","description":"Datenschutzerkl\u00e4rung zur Website F\u00e4hre Rotterdam Hull nach den aktuellen DSGVO-Richtlinien.","breadcrumb":{"@id":"https:\/\/hull-rotterdam.com\/de\/datenschutz\/#breadcrumb"},"inLanguage":"de","potentialAction":[{"@type":"ReadAction","target":["https:\/\/hull-rotterdam.com\/de\/datenschutz\/"]}]},{"@type":"BreadcrumbList","@id":"https:\/\/hull-rotterdam.com\/de\/datenschutz\/#breadcrumb","itemListElement":[{"@type":"ListItem","position":1,"name":"Rotterdam - Hull","item":"https:\/\/hull-rotterdam.com\/de\/"},{"@type":"ListItem","position":2,"name":"Datenschutz"}]},{"@type":"WebSite","@id":"https:\/\/hull-rotterdam.com\/de\/#website","url":"https:\/\/hull-rotterdam.com\/de\/","name":"Rotterdam Hull DE","description":"","publisher":{"@id":"https:\/\/hull-rotterdam.com\/de\/#organization"},"potentialAction":[{"@type":"SearchAction","target":{"@type":"EntryPoint","urlTemplate":"https:\/\/hull-rotterdam.com\/de\/?s={search_term_string}"},"query-input":{"@type":"PropertyValueSpecification","valueRequired":true,"valueName":"search_term_string"}}],"inLanguage":"de"},{"@type":"Organization","@id":"https:\/\/hull-rotterdam.com\/de\/#organization","name":"Rotterdam Hull DE","url":"https:\/\/hull-rotterdam.com\/de\/","logo":{"@type":"ImageObject","inLanguage":"de","@id":"https:\/\/hull-rotterdam.com\/de\/#\/schema\/logo\/image\/","url":"https:\/\/hull-rotterdam.com\/de\/wp-content\/uploads\/sites\/3\/2025\/10\/rotterdam-hull.svg","contentUrl":"https:\/\/hull-rotterdam.com\/de\/wp-content\/uploads\/sites\/3\/2025\/10\/rotterdam-hull.svg","width":1000,"height":160,"caption":"Rotterdam Hull DE"},"image":{"@id":"https:\/\/hull-rotterdam.com\/de\/#\/schema\/logo\/image\/"}}]}},"_links":{"self":[{"href":"https:\/\/hull-rotterdam.com\/de\/wp-json\/wp\/v2\/pages\/1745","targetHints":{"allow":["GET"]}}],"collection":[{"href":"https:\/\/hull-rotterdam.com\/de\/wp-json\/wp\/v2\/pages"}],"about":[{"href":"https:\/\/hull-rotterdam.com\/de\/wp-json\/wp\/v2\/types\/page"}],"author":[{"embeddable":true,"href":"https:\/\/hull-rotterdam.com\/de\/wp-json\/wp\/v2\/users\/1"}],"replies":[{"embeddable":true,"href":"https:\/\/hull-rotterdam.com\/de\/wp-json\/wp\/v2\/comments?post=1745"}],"version-history":[{"count":13,"href":"https:\/\/hull-rotterdam.com\/de\/wp-json\/wp\/v2\/pages\/1745\/revisions"}],"predecessor-version":[{"id":4290,"href":"https:\/\/hull-rotterdam.com\/de\/wp-json\/wp\/v2\/pages\/1745\/revisions\/4290"}],"wp:attachment":[{"href":"https:\/\/hull-rotterdam.com\/de\/wp-json\/wp\/v2\/media?parent=1745"}],"curies":[{"name":"wp","href":"https:\/\/api.w.org\/{rel}","templated":true}]}}