{"id":1745,"date":"2025-10-28T15:12:30","date_gmt":"2025-10-28T15:12:30","guid":{"rendered":"https:\/\/hull-rotterdam.com\/fr\/?page_id=1745"},"modified":"2025-11-11T13:55:28","modified_gmt":"2025-11-11T12:55:28","slug":"privacy","status":"publish","type":"page","link":"https:\/\/hull-rotterdam.com\/fr\/privacy\/","title":{"rendered":"Privacy Policy"},"content":{"rendered":"\n<h2 class=\"wp-block-heading\">Qui nous sommes<\/h2>\n\n\n\n<p>L\u2019adresse de notre site est : <a href=\"https:\/\/hull-rotterdam.com\/fr\/\">Hull\u2013Rotterdam<\/a>.<\/p>\n\n\n\n<h3 class=\"wp-block-heading\">Commentaires<\/h3>\n\n\n\n<p>Lorsque les visiteurs laissent un commentaire sur le site, nous collectons les donn\u00e9es affich\u00e9es dans le formulaire de commentaire, ainsi que l\u2019adresse IP du visiteur et l\u2019agent utilisateur du navigateur afin d\u2019aider \u00e0 la d\u00e9tection de spam.<\/p>\n\n\n\n<p>Une cha\u00eene anonymis\u00e9e cr\u00e9\u00e9e \u00e0 partir de ton adresse e-mail (aussi appel\u00e9e \u00ab hash \u00bb) peut \u00eatre envoy\u00e9e au service Gravatar pour v\u00e9rifier si tu l\u2019utilises. Tu peux consulter la politique de confidentialit\u00e9 de Gravatar ici : https:\/\/automattic.com\/privacy\/. Apr\u00e8s validation de ton commentaire, ta photo de profil sera visible publiquement dans le contexte de ton message.<\/p>\n\n\n\n<h3 class=\"wp-block-heading\">M\u00e9dias<\/h3>\n\n\n\n<p>Si tu t\u00e9l\u00e9verses des images sur le site, \u00e9vite d\u2019y inclure des donn\u00e9es de localisation int\u00e9gr\u00e9es (EXIF GPS). Les visiteurs du site peuvent t\u00e9l\u00e9charger et extraire ces informations \u00e0 partir des images disponibles sur le site.<\/p>\n\n\n\n<h3 class=\"wp-block-heading\">Cookies<\/h3>\n\n\n\n<p>Si tu laisses un commentaire sur notre site, tu peux choisir d\u2019enregistrer ton nom, ton adresse e-mail et ton site web dans des cookies. C\u2019est pour ton confort, afin de ne pas avoir \u00e0 saisir \u00e0 nouveau ces informations lors d\u2019un prochain commentaire. Ces cookies sont valables pendant un an.<\/p>\n\n\n\n<h3 class=\"wp-block-heading\">Contenu int\u00e9gr\u00e9 provenant d\u2019autres sites<\/h3>\n\n\n\n<p>Les articles de ce site peuvent inclure du contenu int\u00e9gr\u00e9 (par exemple, des vid\u00e9os, des images ou des articles). Le contenu int\u00e9gr\u00e9 d\u2019autres sites se comporte de la m\u00eame mani\u00e8re que si le visiteur avait visit\u00e9 l\u2019autre site directement.<\/p>\n\n\n\n<p>Ces sites web peuvent collecter des donn\u00e9es sur toi, utiliser des cookies, int\u00e9grer un suivi tiers suppl\u00e9mentaire et surveiller ton interaction avec ce contenu int\u00e9gr\u00e9, y compris si tu as un compte et que tu es connect\u00e9 \u00e0 ce site web tiers.<\/p>\n\n\n\n<h3 class=\"wp-block-heading\">Partage de tes donn\u00e9es<\/h3>\n\n\n\n<p>Les donn\u00e9es \u00e9ventuellement collect\u00e9es ne sont partag\u00e9es avec aucun tiers.<\/p>\n\n\n\n<h3 class=\"wp-block-heading\">Dur\u00e9e de conservation de tes donn\u00e9es<\/h3>\n\n\n\n<p>Si tu laisses un commentaire, celui-ci et ses m\u00e9tadonn\u00e9es sont conserv\u00e9s ind\u00e9finiment. Cela nous permet de reconna\u00eetre et d\u2019approuver automatiquement les commentaires suivants au lieu de les placer dans une file de mod\u00e9ration.<\/p>\n\n\n\n<p>Pour les utilisateurs qui s\u2019inscrivent sur notre site (le cas \u00e9ch\u00e9ant), nous stockons \u00e9galement les informations personnelles qu\u2019ils fournissent dans leur profil. Tous les utilisateurs peuvent voir, modifier ou supprimer leurs informations personnelles \u00e0 tout moment (sauf leur nom d\u2019utilisateur). Les administrateurs du site peuvent aussi voir et modifier ces informations.<\/p>\n\n\n\n<h3 class=\"wp-block-heading\">Les droits que tu as sur tes donn\u00e9es<\/h3>\n\n\n\n<p>Si tu as un compte sur ce site ou si tu as laiss\u00e9 des commentaires, tu peux demander un fichier export\u00e9 contenant les donn\u00e9es personnelles que nous poss\u00e9dons \u00e0 ton sujet, y compris celles que tu nous as fournies. Tu peux \u00e9galement demander la suppression de ces donn\u00e9es personnelles. Cela n\u2019inclut pas les donn\u00e9es que nous sommes tenus de conserver \u00e0 des fins administratives, l\u00e9gales ou de s\u00e9curit\u00e9.<\/p>\n\n\n\n<h3 class=\"wp-block-heading\">O\u00f9 tes donn\u00e9es sont envoy\u00e9es<\/h3>\n\n\n\n<p>Les commentaires des visiteurs peuvent \u00eatre v\u00e9rifi\u00e9s \u00e0 l\u2019aide d\u2019un service automatis\u00e9 de d\u00e9tection de spam.<\/p>\n\n\n\n<h3 class=\"wp-block-heading\">Contact et informations suppl\u00e9mentaires<\/h3>\n\n\n\n<p>Si tu as des questions concernant le traitement de tes donn\u00e9es, tu peux nous contacter via la page <a href=\"https:\/\/hull-rotterdam.com\/fr\/contact\/\">Contact<\/a>.<\/p>\n\n\n\n<p>Pour plus d\u2019informations sur nos responsabilit\u00e9s et limites, consulte aussi notre page <a href=\"https:\/\/hull-rotterdam.com\/fr\/disclaimer\/\">Mentions l\u00e9gales<\/a>.<\/p>\n","protected":false},"excerpt":{"rendered":"<p>Qui nous sommes L\u2019adresse de notre site est : Hull\u2013Rotterdam. Commentaires Lorsque les visiteurs laissent un commentaire sur le site, [&hellip;]<\/p>\n","protected":false},"author":1,"featured_media":0,"parent":0,"menu_order":0,"comment_status":"closed","ping_status":"closed","template":"","meta":{"inline_featured_image":false,"site-sidebar-layout":"default","site-content-layout":"","ast-site-content-layout":"default","site-content-style":"default","site-sidebar-style":"default","ast-global-header-display":"","ast-banner-title-visibility":"","ast-main-header-display":"","ast-hfb-above-header-display":"","ast-hfb-below-header-display":"","ast-hfb-mobile-header-display":"","site-post-title":"","ast-breadcrumbs-content":"","ast-featured-img":"","footer-sml-layout":"","theme-transparent-header-meta":"","adv-header-id-meta":"","stick-header-meta":"","header-above-stick-meta":"","header-main-stick-meta":"","header-below-stick-meta":"","astra-migrate-meta-layouts":"default","ast-page-background-enabled":"default","ast-page-background-meta":{"desktop":{"background-color":"var(--ast-global-color-5)","background-image":"","background-repeat":"repeat","background-position":"center center","background-size":"auto","background-attachment":"scroll","background-type":"","background-media":"","overlay-type":"","overlay-color":"","overlay-opacity":"","overlay-gradient":""},"tablet":{"background-color":"","background-image":"","background-repeat":"repeat","background-position":"center center","background-size":"auto","background-attachment":"scroll","background-type":"","background-media":"","overlay-type":"","overlay-color":"","overlay-opacity":"","overlay-gradient":""},"mobile":{"background-color":"","background-image":"","background-repeat":"repeat","background-position":"center center","background-size":"auto","background-attachment":"scroll","background-type":"","background-media":"","overlay-type":"","overlay-color":"","overlay-opacity":"","overlay-gradient":""}},"ast-content-background-meta":{"desktop":{"background-color":"var(--ast-global-color-4)","background-image":"","background-repeat":"repeat","background-position":"center center","background-size":"auto","background-attachment":"scroll","background-type":"","background-media":"","overlay-type":"","overlay-color":"","overlay-opacity":"","overlay-gradient":""},"tablet":{"background-color":"var(--ast-global-color-4)","background-image":"","background-repeat":"repeat","background-position":"center center","background-size":"auto","background-attachment":"scroll","background-type":"","background-media":"","overlay-type":"","overlay-color":"","overlay-opacity":"","overlay-gradient":""},"mobile":{"background-color":"var(--ast-global-color-4)","background-image":"","background-repeat":"repeat","background-position":"center center","background-size":"auto","background-attachment":"scroll","background-type":"","background-media":"","overlay-type":"","overlay-color":"","overlay-opacity":"","overlay-gradient":""}},"footnotes":""},"class_list":["post-1745","page","type-page","status-publish","hentry"],"yoast_head":"<!-- This site is optimized with the Yoast SEO plugin v27.4 - https:\/\/yoast.com\/product\/yoast-seo-wordpress\/ -->\n<title>Politique de confidentialit\u00e9<\/title>\n<meta name=\"description\" content=\"D\u00e9couvre comment tes donn\u00e9es sont utilis\u00e9es et prot\u00e9g\u00e9es quand tu visites notre site.\" \/>\n<meta name=\"robots\" content=\"index, follow, max-snippet:-1, max-image-preview:large, max-video-preview:-1\" \/>\n<link rel=\"canonical\" href=\"https:\/\/hull-rotterdam.com\/fr\/privacy\/\" \/>\n<meta property=\"og:locale\" content=\"fr_FR\" \/>\n<meta property=\"og:type\" content=\"article\" \/>\n<meta property=\"og:title\" content=\"Politique de confidentialit\u00e9\" \/>\n<meta property=\"og:description\" content=\"D\u00e9couvre comment tes donn\u00e9es sont utilis\u00e9es et prot\u00e9g\u00e9es quand tu visites notre site.\" \/>\n<meta property=\"og:url\" content=\"https:\/\/hull-rotterdam.com\/fr\/privacy\/\" \/>\n<meta property=\"og:site_name\" content=\"Rotterdam Hull FR\" \/>\n<meta property=\"article:modified_time\" content=\"2025-11-11T12:55:28+00:00\" \/>\n<meta property=\"og:image\" content=\"https:\/\/hull-rotterdam.com\/fr\/wp-content\/uploads\/sites\/4\/2025\/11\/Rotterdam-Hull-Social.png\" \/>\n\t<meta property=\"og:image:width\" content=\"1200\" \/>\n\t<meta property=\"og:image:height\" content=\"675\" \/>\n\t<meta property=\"og:image:type\" content=\"image\/png\" \/>\n<meta name=\"twitter:card\" content=\"summary_large_image\" \/>\n<meta name=\"twitter:label1\" content=\"Dur\u00e9e de lecture estim\u00e9e\" \/>\n\t<meta name=\"twitter:data1\" content=\"3 minutes\" \/>\n<script type=\"application\/ld+json\" class=\"yoast-schema-graph\">{\"@context\":\"https:\\\/\\\/schema.org\",\"@graph\":[{\"@type\":\"WebPage\",\"@id\":\"https:\\\/\\\/hull-rotterdam.com\\\/fr\\\/privacy\\\/\",\"url\":\"https:\\\/\\\/hull-rotterdam.com\\\/fr\\\/privacy\\\/\",\"name\":\"Politique de confidentialit\u00e9\",\"isPartOf\":{\"@id\":\"https:\\\/\\\/hull-rotterdam.com\\\/fr\\\/#website\"},\"datePublished\":\"2025-10-28T15:12:30+00:00\",\"dateModified\":\"2025-11-11T12:55:28+00:00\",\"description\":\"D\u00e9couvre comment tes donn\u00e9es sont utilis\u00e9es et prot\u00e9g\u00e9es quand tu visites notre site.\",\"breadcrumb\":{\"@id\":\"https:\\\/\\\/hull-rotterdam.com\\\/fr\\\/privacy\\\/#breadcrumb\"},\"inLanguage\":\"fr-FR\",\"potentialAction\":[{\"@type\":\"ReadAction\",\"target\":[\"https:\\\/\\\/hull-rotterdam.com\\\/fr\\\/privacy\\\/\"]}]},{\"@type\":\"BreadcrumbList\",\"@id\":\"https:\\\/\\\/hull-rotterdam.com\\\/fr\\\/privacy\\\/#breadcrumb\",\"itemListElement\":[{\"@type\":\"ListItem\",\"position\":1,\"name\":\"Rotterdam - Hull\",\"item\":\"https:\\\/\\\/hull-rotterdam.com\\\/fr\\\/\"},{\"@type\":\"ListItem\",\"position\":2,\"name\":\"Privacy Policy\"}]},{\"@type\":\"WebSite\",\"@id\":\"https:\\\/\\\/hull-rotterdam.com\\\/fr\\\/#website\",\"url\":\"https:\\\/\\\/hull-rotterdam.com\\\/fr\\\/\",\"name\":\"Rotterdam Hull FR\",\"description\":\"\",\"publisher\":{\"@id\":\"https:\\\/\\\/hull-rotterdam.com\\\/fr\\\/#organization\"},\"potentialAction\":[{\"@type\":\"SearchAction\",\"target\":{\"@type\":\"EntryPoint\",\"urlTemplate\":\"https:\\\/\\\/hull-rotterdam.com\\\/fr\\\/?s={search_term_string}\"},\"query-input\":{\"@type\":\"PropertyValueSpecification\",\"valueRequired\":true,\"valueName\":\"search_term_string\"}}],\"inLanguage\":\"fr-FR\"},{\"@type\":\"Organization\",\"@id\":\"https:\\\/\\\/hull-rotterdam.com\\\/fr\\\/#organization\",\"name\":\"Hull Rotterdam\",\"url\":\"https:\\\/\\\/hull-rotterdam.com\\\/fr\\\/\",\"logo\":{\"@type\":\"ImageObject\",\"inLanguage\":\"fr-FR\",\"@id\":\"https:\\\/\\\/hull-rotterdam.com\\\/fr\\\/#\\\/schema\\\/logo\\\/image\\\/\",\"url\":\"https:\\\/\\\/hull-rotterdam.com\\\/fr\\\/wp-content\\\/uploads\\\/sites\\\/4\\\/2025\\\/11\\\/Rotterdam-Hull-Social.png\",\"contentUrl\":\"https:\\\/\\\/hull-rotterdam.com\\\/fr\\\/wp-content\\\/uploads\\\/sites\\\/4\\\/2025\\\/11\\\/Rotterdam-Hull-Social.png\",\"width\":1200,\"height\":675,\"caption\":\"Hull Rotterdam\"},\"image\":{\"@id\":\"https:\\\/\\\/hull-rotterdam.com\\\/fr\\\/#\\\/schema\\\/logo\\\/image\\\/\"}}]}<\/script>\n<!-- \/ Yoast SEO plugin. -->","yoast_head_json":{"title":"Politique de confidentialit\u00e9","description":"D\u00e9couvre comment tes donn\u00e9es sont utilis\u00e9es et prot\u00e9g\u00e9es quand tu visites notre site.","robots":{"index":"index","follow":"follow","max-snippet":"max-snippet:-1","max-image-preview":"max-image-preview:large","max-video-preview":"max-video-preview:-1"},"canonical":"https:\/\/hull-rotterdam.com\/fr\/privacy\/","og_locale":"fr_FR","og_type":"article","og_title":"Politique de confidentialit\u00e9","og_description":"D\u00e9couvre comment tes donn\u00e9es sont utilis\u00e9es et prot\u00e9g\u00e9es quand tu visites notre site.","og_url":"https:\/\/hull-rotterdam.com\/fr\/privacy\/","og_site_name":"Rotterdam Hull FR","article_modified_time":"2025-11-11T12:55:28+00:00","og_image":[{"width":1200,"height":675,"url":"https:\/\/hull-rotterdam.com\/fr\/wp-content\/uploads\/sites\/4\/2025\/11\/Rotterdam-Hull-Social.png","type":"image\/png"}],"twitter_card":"summary_large_image","twitter_misc":{"Dur\u00e9e de lecture estim\u00e9e":"3 minutes"},"schema":{"@context":"https:\/\/schema.org","@graph":[{"@type":"WebPage","@id":"https:\/\/hull-rotterdam.com\/fr\/privacy\/","url":"https:\/\/hull-rotterdam.com\/fr\/privacy\/","name":"Politique de confidentialit\u00e9","isPartOf":{"@id":"https:\/\/hull-rotterdam.com\/fr\/#website"},"datePublished":"2025-10-28T15:12:30+00:00","dateModified":"2025-11-11T12:55:28+00:00","description":"D\u00e9couvre comment tes donn\u00e9es sont utilis\u00e9es et prot\u00e9g\u00e9es quand tu visites notre site.","breadcrumb":{"@id":"https:\/\/hull-rotterdam.com\/fr\/privacy\/#breadcrumb"},"inLanguage":"fr-FR","potentialAction":[{"@type":"ReadAction","target":["https:\/\/hull-rotterdam.com\/fr\/privacy\/"]}]},{"@type":"BreadcrumbList","@id":"https:\/\/hull-rotterdam.com\/fr\/privacy\/#breadcrumb","itemListElement":[{"@type":"ListItem","position":1,"name":"Rotterdam - Hull","item":"https:\/\/hull-rotterdam.com\/fr\/"},{"@type":"ListItem","position":2,"name":"Privacy Policy"}]},{"@type":"WebSite","@id":"https:\/\/hull-rotterdam.com\/fr\/#website","url":"https:\/\/hull-rotterdam.com\/fr\/","name":"Rotterdam Hull FR","description":"","publisher":{"@id":"https:\/\/hull-rotterdam.com\/fr\/#organization"},"potentialAction":[{"@type":"SearchAction","target":{"@type":"EntryPoint","urlTemplate":"https:\/\/hull-rotterdam.com\/fr\/?s={search_term_string}"},"query-input":{"@type":"PropertyValueSpecification","valueRequired":true,"valueName":"search_term_string"}}],"inLanguage":"fr-FR"},{"@type":"Organization","@id":"https:\/\/hull-rotterdam.com\/fr\/#organization","name":"Hull Rotterdam","url":"https:\/\/hull-rotterdam.com\/fr\/","logo":{"@type":"ImageObject","inLanguage":"fr-FR","@id":"https:\/\/hull-rotterdam.com\/fr\/#\/schema\/logo\/image\/","url":"https:\/\/hull-rotterdam.com\/fr\/wp-content\/uploads\/sites\/4\/2025\/11\/Rotterdam-Hull-Social.png","contentUrl":"https:\/\/hull-rotterdam.com\/fr\/wp-content\/uploads\/sites\/4\/2025\/11\/Rotterdam-Hull-Social.png","width":1200,"height":675,"caption":"Hull Rotterdam"},"image":{"@id":"https:\/\/hull-rotterdam.com\/fr\/#\/schema\/logo\/image\/"}}]}},"_links":{"self":[{"href":"https:\/\/hull-rotterdam.com\/fr\/wp-json\/wp\/v2\/pages\/1745","targetHints":{"allow":["GET"]}}],"collection":[{"href":"https:\/\/hull-rotterdam.com\/fr\/wp-json\/wp\/v2\/pages"}],"about":[{"href":"https:\/\/hull-rotterdam.com\/fr\/wp-json\/wp\/v2\/types\/page"}],"author":[{"embeddable":true,"href":"https:\/\/hull-rotterdam.com\/fr\/wp-json\/wp\/v2\/users\/1"}],"replies":[{"embeddable":true,"href":"https:\/\/hull-rotterdam.com\/fr\/wp-json\/wp\/v2\/comments?post=1745"}],"version-history":[{"count":4,"href":"https:\/\/hull-rotterdam.com\/fr\/wp-json\/wp\/v2\/pages\/1745\/revisions"}],"predecessor-version":[{"id":4064,"href":"https:\/\/hull-rotterdam.com\/fr\/wp-json\/wp\/v2\/pages\/1745\/revisions\/4064"}],"wp:attachment":[{"href":"https:\/\/hull-rotterdam.com\/fr\/wp-json\/wp\/v2\/media?parent=1745"}],"curies":[{"name":"wp","href":"https:\/\/api.w.org\/{rel}","templated":true}]}}