{"id":2321,"date":"2025-10-30T13:49:29","date_gmt":"2025-10-30T13:49:29","guid":{"rendered":"https:\/\/hull-rotterdam.com\/fr\/?page_id=2321"},"modified":"2025-11-17T16:03:28","modified_gmt":"2025-11-17T15:03:28","slug":"port-de-hull","status":"publish","type":"page","link":"https:\/\/hull-rotterdam.com\/fr\/port-de-hull\/","title":{"rendered":"Port de Hull"},"content":{"rendered":"\t\t<div data-elementor-type=\"wp-page\" data-elementor-id=\"2321\" class=\"elementor elementor-2321\" data-elementor-post-type=\"page\">\n\t\t\t\t<div class=\"elementor-element elementor-element-050b8bb e-flex e-con-boxed e-con e-parent\" data-id=\"050b8bb\" data-element_type=\"container\" data-e-type=\"container\">\n\t\t\t\t\t<div class=\"e-con-inner\">\n\t\t<div class=\"elementor-element elementor-element-970b248 e-con-full e-flex e-con e-child\" data-id=\"970b248\" data-element_type=\"container\" data-e-type=\"container\" data-settings=\"{&quot;background_background&quot;:&quot;classic&quot;}\">\n\t\t\t\t<div class=\"elementor-element elementor-element-38d4c6f elementor-widget elementor-widget-breadcrumbs\" data-id=\"38d4c6f\" data-element_type=\"widget\" data-e-type=\"widget\" data-widget_type=\"breadcrumbs.default\">\n\t\t\t\t<div class=\"elementor-widget-container\">\n\t\t\t\t\t<p id=\"breadcrumbs\"><span><span><a href=\"https:\/\/hull-rotterdam.com\/fr\/\">Rotterdam - Hull<\/a><\/span><\/span><\/p>\t\t\t\t<\/div>\n\t\t\t\t<\/div>\n\t\t\t\t<div class=\"elementor-element elementor-element-4ade47b elementor-widget elementor-widget-heading\" data-id=\"4ade47b\" data-element_type=\"widget\" data-e-type=\"widget\" data-widget_type=\"heading.default\">\n\t\t\t\t<div class=\"elementor-widget-container\">\n\t\t\t\t\t<h1 class=\"elementor-heading-title elementor-size-default\">Port d\u2019arriv\u00e9e \u00e0 Hull<\/h1>\t\t\t\t<\/div>\n\t\t\t\t<\/div>\n\t\t\t\t<div class=\"elementor-element elementor-element-d1587e1 elementor-widget elementor-widget-text-editor\" data-id=\"d1587e1\" data-element_type=\"widget\" data-e-type=\"widget\" data-widget_type=\"text-editor.default\">\n\t\t\t\t<div class=\"elementor-widget-container\">\n\t\t\t\t\t\t\t\t\tLe port de Hull est le point d\u2019arriv\u00e9e des ferries depuis Rotterdam, situ\u00e9 \u00e0 l\u2019est de l\u2019Angleterre. Vous trouverez ici l\u2019adresse et les infos pratiques du terminal.\t\t\t\t\t\t\t\t<\/div>\n\t\t\t\t<\/div>\n\t\t\t\t<\/div>\n\t\t<div class=\"elementor-element elementor-element-c908c51 e-con-full e-flex e-con e-child\" data-id=\"c908c51\" data-element_type=\"container\" data-e-type=\"container\" data-settings=\"{&quot;background_background&quot;:&quot;classic&quot;}\">\n\t\t\t\t<\/div>\n\t\t\t\t\t<\/div>\n\t\t\t\t<\/div>\n\t\t<div class=\"elementor-element elementor-element-2c9e132 e-flex e-con-boxed e-con e-parent\" data-id=\"2c9e132\" data-element_type=\"container\" data-e-type=\"container\">\n\t\t\t\t\t<div class=\"e-con-inner\">\n\t\t<div class=\"elementor-element elementor-element-aa79a6f e-con-full e-flex e-con e-child\" data-id=\"aa79a6f\" data-element_type=\"container\" data-e-type=\"container\">\n\t\t\t\t<div class=\"elementor-element elementor-element-4e4cfb9 elementor-widget elementor-widget-text-editor\" data-id=\"4e4cfb9\" data-element_type=\"widget\" data-e-type=\"widget\" data-widget_type=\"text-editor.default\">\n\t\t\t\t<div class=\"elementor-widget-container\">\n\t\t\t\t\t\t\t\t\t<p>omment se rendre au port ?<\/p>\t\t\t\t\t\t\t\t<\/div>\n\t\t\t\t<\/div>\n\t\t\t\t<div class=\"elementor-element elementor-element-d29b9a6 elementor-widget elementor-widget-heading\" data-id=\"d29b9a6\" data-element_type=\"widget\" data-e-type=\"widget\" data-widget_type=\"heading.default\">\n\t\t\t\t<div class=\"elementor-widget-container\">\n\t\t\t\t\t<h2 class=\"elementor-heading-title elementor-size-default\">Adresse: Terminal P&O Ferries Hull<\/h2>\t\t\t\t<\/div>\n\t\t\t\t<\/div>\n\t\t\t\t<div class=\"elementor-element elementor-element-85264c3 elementor-widget elementor-widget-text-editor\" data-id=\"85264c3\" data-element_type=\"widget\" data-e-type=\"widget\" data-widget_type=\"text-editor.default\">\n\t\t\t\t<div class=\"elementor-widget-container\">\n\t\t\t\t\t\t\t\t\t<p>Le ferry en provenance de Rotterdam arrive au port de Hull, situ\u00e9 dans l\u2019est de l\u2019Angleterre. Depuis ce m\u00eame port, les ferries repartent \u00e9galement vers Rotterdam.<\/p>\t\t\t\t\t\t\t\t<\/div>\n\t\t\t\t<\/div>\n\t\t\t\t<div class=\"elementor-element elementor-element-e94de10 elementor-widget elementor-widget-heading\" data-id=\"e94de10\" data-element_type=\"widget\" data-e-type=\"widget\" data-widget_type=\"heading.default\">\n\t\t\t\t<div class=\"elementor-widget-container\">\n\t\t\t\t\t<h2 class=\"elementor-heading-title elementor-size-default\">Terminal P&O Ferries Hull<\/h2>\t\t\t\t<\/div>\n\t\t\t\t<\/div>\n\t\t\t\t<div class=\"elementor-element elementor-element-8269331 elementor-widget elementor-widget-text-editor\" data-id=\"8269331\" data-element_type=\"widget\" data-e-type=\"widget\" data-widget_type=\"text-editor.default\">\n\t\t\t\t<div class=\"elementor-widget-container\">\n\t\t\t\t\t\t\t\t\t<p>Utilisez l\u2019adresse ci-dessous pour vous rendre directement au terminal de P&O Ferries dans le port de Hull. C\u2019est ici que se font \u00e0 la fois les arriv\u00e9es et les d\u00e9parts des travers\u00e9es.<\/p>\t\t\t\t\t\t\t\t<\/div>\n\t\t\t\t<\/div>\n\t\t\t\t<div class=\"elementor-element elementor-element-16f5449 elementor-widget elementor-widget-text-editor\" data-id=\"16f5449\" data-element_type=\"widget\" data-e-type=\"widget\" data-widget_type=\"text-editor.default\">\n\t\t\t\t<div class=\"elementor-widget-container\">\n\t\t\t\t\t\t\t\t\t<h4><strong>Adresse:<\/strong><\/h4><p>P&O Ferries Terminal<br \/>King George Dock<br \/>Hull HU9 5PS<br \/>Royaume-Uni<\/p>\t\t\t\t\t\t\t\t<\/div>\n\t\t\t\t<\/div>\n\t\t\t\t<\/div>\n\t\t<div class=\"elementor-element elementor-element-2b5b0af e-con-full e-flex e-con e-child\" data-id=\"2b5b0af\" data-element_type=\"container\" data-e-type=\"container\">\n\t\t\t\t<div class=\"elementor-element elementor-element-457a520 elementor-widget elementor-widget-shortcode\" data-id=\"457a520\" data-element_type=\"widget\" data-e-type=\"widget\" data-widget_type=\"shortcode.default\">\n\t\t\t\t<div class=\"elementor-widget-container\">\n\t\t\t\t\t\t\t<div class=\"elementor-shortcode\"><iframe src=\"https:\/\/www.google.com\/maps\/embed?pb=!1m18!1m12!1m3!1d50411.069154067336!2d-0.3759418418858498!3d53.729807145568095!2m3!1f0!2f0!3f0!3m2!1i1024!2i768!4f13.1!3m3!1m2!1s0x4878be197249e78f%3A0xb442818149d35615!2sP%26O%20Ferries%20Hull!5e0!3m2!1snl!2snl!4v1761831140235!5m2!1snl!2snl\" width=\"600\" height=\"350\" style=\"border:0;\" allowfullscreen=\"\" loading=\"lazy\" referrerpolicy=\"no-referrer-when-downgrade\"><\/iframe><\/div>\n\t\t\t\t\t\t<\/div>\n\t\t\t\t<\/div>\n\t\t\t\t<\/div>\n\t\t\t\t\t<\/div>\n\t\t\t\t<\/div>\n\t\t<div class=\"elementor-element elementor-element-bf64a50 e-flex e-con-boxed e-con e-parent\" data-id=\"bf64a50\" data-element_type=\"container\" data-e-type=\"container\">\n\t\t\t\t\t<div class=\"e-con-inner\">\n\t\t<div class=\"elementor-element elementor-element-8676d27 e-con-full e-flex e-con e-child\" data-id=\"8676d27\" data-element_type=\"container\" data-e-type=\"container\" data-settings=\"{&quot;background_background&quot;:&quot;classic&quot;}\">\n\t\t\t\t<\/div>\n\t\t<div class=\"elementor-element elementor-element-f32b139 e-con-full e-flex e-con e-child\" data-id=\"f32b139\" data-element_type=\"container\" data-e-type=\"container\" data-settings=\"{&quot;background_background&quot;:&quot;classic&quot;}\">\n\t\t\t\t<div class=\"elementor-element elementor-element-959929c elementor-widget elementor-widget-heading\" data-id=\"959929c\" data-element_type=\"widget\" data-e-type=\"widget\" data-widget_type=\"heading.default\">\n\t\t\t\t<div class=\"elementor-widget-container\">\n\t\t\t\t\t<h3 class=\"elementor-heading-title elementor-size-default\">Horaire du ferry Rotterdam - Hull<\/h3>\t\t\t\t<\/div>\n\t\t\t\t<\/div>\n\t\t\t\t<div class=\"elementor-element elementor-element-23b50c8 elementor-widget elementor-widget-text-editor\" data-id=\"23b50c8\" data-element_type=\"widget\" data-e-type=\"widget\" data-widget_type=\"text-editor.default\">\n\t\t\t\t<div class=\"elementor-widget-container\">\n\t\t\t\t\t\t\t\t\t<p data-start=\"41\" data-end=\"223\" data-is-last-node=\"\" data-is-only-node=\"\">Consultez les horaires des travers\u00e9es entre Rotterdam et Hull. Le ferry part chaque soir de Rotterdam Europoort et arrive le matin \u00e0 Hull, puis repart le soir m\u00eame vers les Pays-Bas.<\/p>\t\t\t\t\t\t\t\t<\/div>\n\t\t\t\t<\/div>\n\t\t\t\t<div class=\"elementor-element elementor-element-41bc4a2 elementor-align-justify elementor-widget__width-initial elementor-widget elementor-widget-button\" data-id=\"41bc4a2\" data-element_type=\"widget\" data-e-type=\"widget\" data-widget_type=\"button.default\">\n\t\t\t\t<div class=\"elementor-widget-container\">\n\t\t\t\t\t\t\t\t\t<div class=\"elementor-button-wrapper\">\n\t\t\t\t\t<a class=\"elementor-button elementor-button-link elementor-size-sm\" href=\"https:\/\/hull-rotterdam.com\/fr\/horaires\/\">\n\t\t\t\t\t\t<span class=\"elementor-button-content-wrapper\">\n\t\t\t\t\t\t\t\t\t<span class=\"elementor-button-text\">Heures de d\u00e9part et d\u2019arriv\u00e9e<\/span>\n\t\t\t\t\t<\/span>\n\t\t\t\t\t<\/a>\n\t\t\t\t<\/div>\n\t\t\t\t\t\t\t\t<\/div>\n\t\t\t\t<\/div>\n\t\t\t\t<\/div>\n\t\t\t\t\t<\/div>\n\t\t\t\t<\/div>\n\t\t\t\t<\/div>\n\t\t","protected":false},"excerpt":{"rendered":"<p>Port d\u2019arriv\u00e9e \u00e0 Hull Le port de Hull est le point d\u2019arriv\u00e9e des ferries depuis Rotterdam, situ\u00e9 \u00e0 l\u2019est de [&hellip;]<\/p>\n","protected":false},"author":1,"featured_media":0,"parent":0,"menu_order":0,"comment_status":"closed","ping_status":"closed","template":"","meta":{"inline_featured_image":false,"site-sidebar-layout":"no-sidebar","site-content-layout":"","ast-site-content-layout":"full-width-container","site-content-style":"default","site-sidebar-style":"default","ast-global-header-display":"","ast-banner-title-visibility":"","ast-main-header-display":"","ast-hfb-above-header-display":"","ast-hfb-below-header-display":"","ast-hfb-mobile-header-display":"","site-post-title":"disabled","ast-breadcrumbs-content":"","ast-featured-img":"disabled","footer-sml-layout":"","theme-transparent-header-meta":"","adv-header-id-meta":"","stick-header-meta":"","header-above-stick-meta":"","header-main-stick-meta":"","header-below-stick-meta":"","astra-migrate-meta-layouts":"default","ast-page-background-enabled":"default","ast-page-background-meta":{"desktop":{"background-color":"var(--ast-global-color-5)","background-image":"","background-repeat":"repeat","background-position":"center center","background-size":"auto","background-attachment":"scroll","background-type":"","background-media":"","overlay-type":"","overlay-color":"","overlay-opacity":"","overlay-gradient":""},"tablet":{"background-color":"","background-image":"","background-repeat":"repeat","background-position":"center center","background-size":"auto","background-attachment":"scroll","background-type":"","background-media":"","overlay-type":"","overlay-color":"","overlay-opacity":"","overlay-gradient":""},"mobile":{"background-color":"","background-image":"","background-repeat":"repeat","background-position":"center center","background-size":"auto","background-attachment":"scroll","background-type":"","background-media":"","overlay-type":"","overlay-color":"","overlay-opacity":"","overlay-gradient":""}},"ast-content-background-meta":{"desktop":{"background-color":"var(--ast-global-color-4)","background-image":"","background-repeat":"repeat","background-position":"center center","background-size":"auto","background-attachment":"scroll","background-type":"","background-media":"","overlay-type":"","overlay-color":"","overlay-opacity":"","overlay-gradient":""},"tablet":{"background-color":"var(--ast-global-color-4)","background-image":"","background-repeat":"repeat","background-position":"center center","background-size":"auto","background-attachment":"scroll","background-type":"","background-media":"","overlay-type":"","overlay-color":"","overlay-opacity":"","overlay-gradient":""},"mobile":{"background-color":"var(--ast-global-color-4)","background-image":"","background-repeat":"repeat","background-position":"center center","background-size":"auto","background-attachment":"scroll","background-type":"","background-media":"","overlay-type":"","overlay-color":"","overlay-opacity":"","overlay-gradient":""}},"footnotes":""},"class_list":["post-2321","page","type-page","status-publish","hentry"],"yoast_head":"<!-- This site is optimized with the Yoast SEO plugin v27.4 - https:\/\/yoast.com\/product\/yoast-seo-wordpress\/ -->\n<title>Port de Hull : arriv\u00e9e du ferry depuis Rotterdam<\/title>\n<meta name=\"description\" content=\"D\u00e9couvre le port de Hull, les formalit\u00e9s d\u2019arriv\u00e9e et comment rejoindre le centre-ville en dix minutes.\" \/>\n<meta name=\"robots\" content=\"index, follow, max-snippet:-1, max-image-preview:large, max-video-preview:-1\" \/>\n<link rel=\"canonical\" href=\"https:\/\/hull-rotterdam.com\/fr\/port-de-hull\/\" \/>\n<meta property=\"og:locale\" content=\"fr_FR\" \/>\n<meta property=\"og:type\" content=\"article\" \/>\n<meta property=\"og:title\" content=\"Port de Hull : arriv\u00e9e du ferry depuis Rotterdam\" \/>\n<meta property=\"og:description\" content=\"D\u00e9couvre le port de Hull, les formalit\u00e9s d\u2019arriv\u00e9e et comment rejoindre le centre-ville en dix minutes.\" \/>\n<meta property=\"og:url\" content=\"https:\/\/hull-rotterdam.com\/fr\/port-de-hull\/\" \/>\n<meta property=\"og:site_name\" content=\"Rotterdam Hull FR\" \/>\n<meta property=\"article:modified_time\" content=\"2025-11-17T15:03:28+00:00\" \/>\n<meta property=\"og:image\" content=\"https:\/\/hull-rotterdam.com\/fr\/wp-content\/uploads\/sites\/4\/2025\/11\/Rotterdam-Hull-Social.png\" \/>\n\t<meta property=\"og:image:width\" content=\"1200\" \/>\n\t<meta property=\"og:image:height\" content=\"675\" \/>\n\t<meta property=\"og:image:type\" content=\"image\/png\" \/>\n<meta name=\"twitter:card\" content=\"summary_large_image\" \/>\n<meta name=\"twitter:label1\" content=\"Dur\u00e9e de lecture estim\u00e9e\" \/>\n\t<meta name=\"twitter:data1\" content=\"1 minute\" \/>\n<script type=\"application\/ld+json\" class=\"yoast-schema-graph\">{\"@context\":\"https:\\\/\\\/schema.org\",\"@graph\":[{\"@type\":\"WebPage\",\"@id\":\"https:\\\/\\\/hull-rotterdam.com\\\/fr\\\/port-de-hull\\\/\",\"url\":\"https:\\\/\\\/hull-rotterdam.com\\\/fr\\\/port-de-hull\\\/\",\"name\":\"Port de Hull : arriv\u00e9e du ferry depuis Rotterdam\",\"isPartOf\":{\"@id\":\"https:\\\/\\\/hull-rotterdam.com\\\/fr\\\/#website\"},\"datePublished\":\"2025-10-30T13:49:29+00:00\",\"dateModified\":\"2025-11-17T15:03:28+00:00\",\"description\":\"D\u00e9couvre le port de Hull, les formalit\u00e9s d\u2019arriv\u00e9e et comment rejoindre le centre-ville en dix minutes.\",\"breadcrumb\":{\"@id\":\"https:\\\/\\\/hull-rotterdam.com\\\/fr\\\/port-de-hull\\\/#breadcrumb\"},\"inLanguage\":\"fr-FR\",\"potentialAction\":[{\"@type\":\"ReadAction\",\"target\":[\"https:\\\/\\\/hull-rotterdam.com\\\/fr\\\/port-de-hull\\\/\"]}]},{\"@type\":\"BreadcrumbList\",\"@id\":\"https:\\\/\\\/hull-rotterdam.com\\\/fr\\\/port-de-hull\\\/#breadcrumb\",\"itemListElement\":[{\"@type\":\"ListItem\",\"position\":1,\"name\":\"Rotterdam - Hull\",\"item\":\"https:\\\/\\\/hull-rotterdam.com\\\/fr\\\/\"},{\"@type\":\"ListItem\",\"position\":2,\"name\":\"Port de Hull\"}]},{\"@type\":\"WebSite\",\"@id\":\"https:\\\/\\\/hull-rotterdam.com\\\/fr\\\/#website\",\"url\":\"https:\\\/\\\/hull-rotterdam.com\\\/fr\\\/\",\"name\":\"Rotterdam Hull FR\",\"description\":\"\",\"publisher\":{\"@id\":\"https:\\\/\\\/hull-rotterdam.com\\\/fr\\\/#organization\"},\"potentialAction\":[{\"@type\":\"SearchAction\",\"target\":{\"@type\":\"EntryPoint\",\"urlTemplate\":\"https:\\\/\\\/hull-rotterdam.com\\\/fr\\\/?s={search_term_string}\"},\"query-input\":{\"@type\":\"PropertyValueSpecification\",\"valueRequired\":true,\"valueName\":\"search_term_string\"}}],\"inLanguage\":\"fr-FR\"},{\"@type\":\"Organization\",\"@id\":\"https:\\\/\\\/hull-rotterdam.com\\\/fr\\\/#organization\",\"name\":\"Hull Rotterdam\",\"url\":\"https:\\\/\\\/hull-rotterdam.com\\\/fr\\\/\",\"logo\":{\"@type\":\"ImageObject\",\"inLanguage\":\"fr-FR\",\"@id\":\"https:\\\/\\\/hull-rotterdam.com\\\/fr\\\/#\\\/schema\\\/logo\\\/image\\\/\",\"url\":\"https:\\\/\\\/hull-rotterdam.com\\\/fr\\\/wp-content\\\/uploads\\\/sites\\\/4\\\/2025\\\/11\\\/Rotterdam-Hull-Social.png\",\"contentUrl\":\"https:\\\/\\\/hull-rotterdam.com\\\/fr\\\/wp-content\\\/uploads\\\/sites\\\/4\\\/2025\\\/11\\\/Rotterdam-Hull-Social.png\",\"width\":1200,\"height\":675,\"caption\":\"Hull Rotterdam\"},\"image\":{\"@id\":\"https:\\\/\\\/hull-rotterdam.com\\\/fr\\\/#\\\/schema\\\/logo\\\/image\\\/\"}}]}<\/script>\n<!-- \/ Yoast SEO plugin. -->","yoast_head_json":{"title":"Port de Hull : arriv\u00e9e du ferry depuis Rotterdam","description":"D\u00e9couvre le port de Hull, les formalit\u00e9s d\u2019arriv\u00e9e et comment rejoindre le centre-ville en dix minutes.","robots":{"index":"index","follow":"follow","max-snippet":"max-snippet:-1","max-image-preview":"max-image-preview:large","max-video-preview":"max-video-preview:-1"},"canonical":"https:\/\/hull-rotterdam.com\/fr\/port-de-hull\/","og_locale":"fr_FR","og_type":"article","og_title":"Port de Hull : arriv\u00e9e du ferry depuis Rotterdam","og_description":"D\u00e9couvre le port de Hull, les formalit\u00e9s d\u2019arriv\u00e9e et comment rejoindre le centre-ville en dix minutes.","og_url":"https:\/\/hull-rotterdam.com\/fr\/port-de-hull\/","og_site_name":"Rotterdam Hull FR","article_modified_time":"2025-11-17T15:03:28+00:00","og_image":[{"width":1200,"height":675,"url":"https:\/\/hull-rotterdam.com\/fr\/wp-content\/uploads\/sites\/4\/2025\/11\/Rotterdam-Hull-Social.png","type":"image\/png"}],"twitter_card":"summary_large_image","twitter_misc":{"Dur\u00e9e de lecture estim\u00e9e":"1 minute"},"schema":{"@context":"https:\/\/schema.org","@graph":[{"@type":"WebPage","@id":"https:\/\/hull-rotterdam.com\/fr\/port-de-hull\/","url":"https:\/\/hull-rotterdam.com\/fr\/port-de-hull\/","name":"Port de Hull : arriv\u00e9e du ferry depuis Rotterdam","isPartOf":{"@id":"https:\/\/hull-rotterdam.com\/fr\/#website"},"datePublished":"2025-10-30T13:49:29+00:00","dateModified":"2025-11-17T15:03:28+00:00","description":"D\u00e9couvre le port de Hull, les formalit\u00e9s d\u2019arriv\u00e9e et comment rejoindre le centre-ville en dix minutes.","breadcrumb":{"@id":"https:\/\/hull-rotterdam.com\/fr\/port-de-hull\/#breadcrumb"},"inLanguage":"fr-FR","potentialAction":[{"@type":"ReadAction","target":["https:\/\/hull-rotterdam.com\/fr\/port-de-hull\/"]}]},{"@type":"BreadcrumbList","@id":"https:\/\/hull-rotterdam.com\/fr\/port-de-hull\/#breadcrumb","itemListElement":[{"@type":"ListItem","position":1,"name":"Rotterdam - Hull","item":"https:\/\/hull-rotterdam.com\/fr\/"},{"@type":"ListItem","position":2,"name":"Port de Hull"}]},{"@type":"WebSite","@id":"https:\/\/hull-rotterdam.com\/fr\/#website","url":"https:\/\/hull-rotterdam.com\/fr\/","name":"Rotterdam Hull FR","description":"","publisher":{"@id":"https:\/\/hull-rotterdam.com\/fr\/#organization"},"potentialAction":[{"@type":"SearchAction","target":{"@type":"EntryPoint","urlTemplate":"https:\/\/hull-rotterdam.com\/fr\/?s={search_term_string}"},"query-input":{"@type":"PropertyValueSpecification","valueRequired":true,"valueName":"search_term_string"}}],"inLanguage":"fr-FR"},{"@type":"Organization","@id":"https:\/\/hull-rotterdam.com\/fr\/#organization","name":"Hull Rotterdam","url":"https:\/\/hull-rotterdam.com\/fr\/","logo":{"@type":"ImageObject","inLanguage":"fr-FR","@id":"https:\/\/hull-rotterdam.com\/fr\/#\/schema\/logo\/image\/","url":"https:\/\/hull-rotterdam.com\/fr\/wp-content\/uploads\/sites\/4\/2025\/11\/Rotterdam-Hull-Social.png","contentUrl":"https:\/\/hull-rotterdam.com\/fr\/wp-content\/uploads\/sites\/4\/2025\/11\/Rotterdam-Hull-Social.png","width":1200,"height":675,"caption":"Hull Rotterdam"},"image":{"@id":"https:\/\/hull-rotterdam.com\/fr\/#\/schema\/logo\/image\/"}}]}},"_links":{"self":[{"href":"https:\/\/hull-rotterdam.com\/fr\/wp-json\/wp\/v2\/pages\/2321","targetHints":{"allow":["GET"]}}],"collection":[{"href":"https:\/\/hull-rotterdam.com\/fr\/wp-json\/wp\/v2\/pages"}],"about":[{"href":"https:\/\/hull-rotterdam.com\/fr\/wp-json\/wp\/v2\/types\/page"}],"author":[{"embeddable":true,"href":"https:\/\/hull-rotterdam.com\/fr\/wp-json\/wp\/v2\/users\/1"}],"replies":[{"embeddable":true,"href":"https:\/\/hull-rotterdam.com\/fr\/wp-json\/wp\/v2\/comments?post=2321"}],"version-history":[{"count":33,"href":"https:\/\/hull-rotterdam.com\/fr\/wp-json\/wp\/v2\/pages\/2321\/revisions"}],"predecessor-version":[{"id":4139,"href":"https:\/\/hull-rotterdam.com\/fr\/wp-json\/wp\/v2\/pages\/2321\/revisions\/4139"}],"wp:attachment":[{"href":"https:\/\/hull-rotterdam.com\/fr\/wp-json\/wp\/v2\/media?parent=2321"}],"curies":[{"name":"wp","href":"https:\/\/api.w.org\/{rel}","templated":true}]}}